{"id":1587,"date":"2024-12-07T14:16:34","date_gmt":"2024-12-07T14:16:34","guid":{"rendered":"https:\/\/www.monique-peres.com\/contact\/"},"modified":"2025-01-15T15:50:20","modified_gmt":"2025-01-15T15:50:20","slug":"contact","status":"publish","type":"page","link":"https:\/\/www.monique-peres.com\/pt-br\/contact\/","title":{"rendered":"Contacto"},"content":{"rendered":"\t\t<div data-elementor-type=\"wp-page\" data-elementor-id=\"1587\" class=\"elementor elementor-1587 elementor-32\" data-elementor-settings=\"{&quot;element_pack_global_tooltip_width&quot;:{&quot;unit&quot;:&quot;px&quot;,&quot;size&quot;:&quot;&quot;,&quot;sizes&quot;:[]},&quot;element_pack_global_tooltip_width_tablet&quot;:{&quot;unit&quot;:&quot;px&quot;,&quot;size&quot;:&quot;&quot;,&quot;sizes&quot;:[]},&quot;element_pack_global_tooltip_width_mobile&quot;:{&quot;unit&quot;:&quot;px&quot;,&quot;size&quot;:&quot;&quot;,&quot;sizes&quot;:[]},&quot;element_pack_global_tooltip_padding&quot;:{&quot;unit&quot;:&quot;px&quot;,&quot;top&quot;:&quot;&quot;,&quot;right&quot;:&quot;&quot;,&quot;bottom&quot;:&quot;&quot;,&quot;left&quot;:&quot;&quot;,&quot;isLinked&quot;:true},&quot;element_pack_global_tooltip_padding_tablet&quot;:{&quot;unit&quot;:&quot;px&quot;,&quot;top&quot;:&quot;&quot;,&quot;right&quot;:&quot;&quot;,&quot;bottom&quot;:&quot;&quot;,&quot;left&quot;:&quot;&quot;,&quot;isLinked&quot;:true},&quot;element_pack_global_tooltip_padding_mobile&quot;:{&quot;unit&quot;:&quot;px&quot;,&quot;top&quot;:&quot;&quot;,&quot;right&quot;:&quot;&quot;,&quot;bottom&quot;:&quot;&quot;,&quot;left&quot;:&quot;&quot;,&quot;isLinked&quot;:true},&quot;element_pack_global_tooltip_border_radius&quot;:{&quot;unit&quot;:&quot;px&quot;,&quot;top&quot;:&quot;&quot;,&quot;right&quot;:&quot;&quot;,&quot;bottom&quot;:&quot;&quot;,&quot;left&quot;:&quot;&quot;,&quot;isLinked&quot;:true},&quot;element_pack_global_tooltip_border_radius_tablet&quot;:{&quot;unit&quot;:&quot;px&quot;,&quot;top&quot;:&quot;&quot;,&quot;right&quot;:&quot;&quot;,&quot;bottom&quot;:&quot;&quot;,&quot;left&quot;:&quot;&quot;,&quot;isLinked&quot;:true},&quot;element_pack_global_tooltip_border_radius_mobile&quot;:{&quot;unit&quot;:&quot;px&quot;,&quot;top&quot;:&quot;&quot;,&quot;right&quot;:&quot;&quot;,&quot;bottom&quot;:&quot;&quot;,&quot;left&quot;:&quot;&quot;,&quot;isLinked&quot;:true}}\" data-elementor-post-type=\"page\">\n\t\t\t\t<div class=\"elementor-element elementor-element-7c25ce2 e-flex e-con-boxed elementor-invisible e-con e-parent\" data-id=\"7c25ce2\" data-element_type=\"container\" data-e-type=\"container\" data-settings=\"{&quot;background_background&quot;:&quot;classic&quot;,&quot;animation&quot;:&quot;fadeIn&quot;}\">\n\t\t\t\t\t<div class=\"e-con-inner\">\n\t\t\t\t<div class=\"elementor-element elementor-element-2649333 elementor-widget__width-inherit elementor-widget elementor-widget-heading\" data-id=\"2649333\" data-element_type=\"widget\" data-e-type=\"widget\" data-widget_type=\"heading.default\">\n\t\t\t\t<div class=\"elementor-widget-container\">\n\t\t\t\t\t<h2 class=\"elementor-heading-title elementor-size-default\">Contacto<\/h2>\t\t\t\t<\/div>\n\t\t\t\t<\/div>\n\t\t<div class=\"elementor-element elementor-element-f0912b9 e-con-full e-flex e-con e-child\" data-id=\"f0912b9\" data-element_type=\"container\" data-e-type=\"container\">\n\t\t<div class=\"elementor-element elementor-element-bce3c74 e-con-full e-flex elementor-invisible e-con e-child\" data-id=\"bce3c74\" data-element_type=\"container\" data-e-type=\"container\" data-settings=\"{&quot;animation&quot;:&quot;fadeIn&quot;,&quot;animation_delay&quot;:400}\">\n\t\t\t\t<div class=\"elementor-element elementor-element-d2e532f elementor-widget__width-initial elementor-widget elementor-widget-text-editor\" data-id=\"d2e532f\" data-element_type=\"widget\" data-e-type=\"widget\" data-widget_type=\"text-editor.default\">\n\t\t\t\t<div class=\"elementor-widget-container\">\n\t\t\t\t\t\t\t\t\t<p>Atualmente estou trabalhando nestes lugares:<\/p><p>Bulle, Su\u00ed\u00e7a<br \/>Madri, Espanha<br \/>Lille, Fran\u00e7a<br \/>S\u00e3o Carlos, Brasil<\/p><p>Mas tamb\u00e9m viajo para outros lugares.<\/p><p>Ent\u00e3o me envie uma mensagem para que possamos combinar e fazer uma bela tatuagem!<\/p>\t\t\t\t\t\t\t\t<\/div>\n\t\t\t\t<\/div>\n\t\t\t\t<div class=\"elementor-element elementor-element-aa1e5fe elementor-widget__width-initial elementor-widget elementor-widget-text-editor\" data-id=\"aa1e5fe\" data-element_type=\"widget\" data-e-type=\"widget\" data-widget_type=\"text-editor.default\">\n\t\t\t\t<div class=\"elementor-widget-container\">\n\t\t\t\t\t\t\t\t\t<p><span style=\"font-family: .SFUI-Semibold;\">Valores e agenda.\u00a0<\/span>Agora vou analisar seu pedido e entrarei em contato com voc\u00ea para conversar sobre pre\u00e7os e datas. Voc\u00ea receber\u00e1 uma resposta em no m\u00e1ximo 5 dias, por favor, n\u00e3o se esque\u00e7a de verificar sua caixa de spam. Muito obrigado!<\/p>\t\t\t\t\t\t\t\t<\/div>\n\t\t\t\t<\/div>\n\t\t\t\t<div class=\"elementor-element elementor-element-dc14053 elementor-widget elementor-widget-image\" data-id=\"dc14053\" data-element_type=\"widget\" data-e-type=\"widget\" data-widget_type=\"image.default\">\n\t\t\t\t<div class=\"elementor-widget-container\">\n\t\t\t\t\t\t\t\t\t\t\t\t\t\t\t<img fetchpriority=\"high\" decoding=\"async\" width=\"759\" height=\"934\" src=\"https:\/\/www.monique-peres.com\/wp-content\/uploads\/2024\/12\/monique_peres_about2.webp\" class=\"attachment-large size-large wp-image-933\" alt=\"\" srcset=\"https:\/\/www.monique-peres.com\/wp-content\/uploads\/2024\/12\/monique_peres_about2.webp 759w, https:\/\/www.monique-peres.com\/wp-content\/uploads\/2024\/12\/monique_peres_about2-600x738.webp 600w, https:\/\/www.monique-peres.com\/wp-content\/uploads\/2024\/12\/monique_peres_about2-244x300.webp 244w\" sizes=\"(max-width: 759px) 100vw, 759px\" \/>\t\t\t\t\t\t\t\t\t\t\t\t\t\t\t<\/div>\n\t\t\t\t<\/div>\n\t\t\t\t<\/div>\n\t\t<div class=\"elementor-element elementor-element-3a0fe22 e-con-full e-flex elementor-invisible e-con e-child\" data-id=\"3a0fe22\" data-element_type=\"container\" data-e-type=\"container\" data-settings=\"{&quot;animation&quot;:&quot;fadeIn&quot;,&quot;animation_delay&quot;:400}\">\n\t\t\t\t<div class=\"elementor-element elementor-element-412b1e7 elementor-widget__width-initial elementor-button-align-stretch elementor-widget elementor-widget-form\" data-id=\"412b1e7\" data-element_type=\"widget\" data-e-type=\"widget\" data-settings=\"{&quot;step_next_label&quot;:&quot;Next&quot;,&quot;step_previous_label&quot;:&quot;Previous&quot;,&quot;button_width&quot;:&quot;100&quot;,&quot;step_type&quot;:&quot;number_text&quot;,&quot;step_icon_shape&quot;:&quot;circle&quot;}\" data-widget_type=\"form.default\">\n\t\t\t\t<div class=\"elementor-widget-container\">\n\t\t\t\t\t\t\t<form class=\"elementor-form\" method=\"post\" name=\"New Form\" aria-label=\"New Form\">\n\t\t\t<input type=\"hidden\" name=\"post_id\" value=\"1587\"\/>\n\t\t\t<input type=\"hidden\" name=\"form_id\" value=\"412b1e7\"\/>\n\t\t\t<input type=\"hidden\" name=\"referer_title\" value=\"Contacto - Monique Peres\" \/>\n\n\t\t\t\t\t\t\t<input type=\"hidden\" name=\"queried_id\" value=\"1587\"\/>\n\t\t\t\n\t\t\t<div class=\"elementor-form-fields-wrapper elementor-labels-above\">\n\t\t\t\t\t\t\t\t<div class=\"elementor-field-type-email elementor-field-group elementor-column elementor-field-group-email elementor-col-100 elementor-field-required elementor-mark-required\">\n\t\t\t\t\t\t\t\t\t\t\t\t<label for=\"form-field-email\" class=\"elementor-field-label\">\n\t\t\t\t\t\t\t\tEmail\t\t\t\t\t\t\t<\/label>\n\t\t\t\t\t\t\t\t\t\t\t\t\t\t<input size=\"1\" type=\"email\" name=\"form_fields[email]\" id=\"form-field-email\" class=\"elementor-field elementor-size-sm  elementor-field-textual\" required=\"required\">\n\t\t\t\t\t\t\t\t\t\t\t<\/div>\n\t\t\t\t\t\t\t\t<div class=\"elementor-field-type-text elementor-field-group elementor-column elementor-field-group-name elementor-col-50 elementor-field-required elementor-mark-required\">\n\t\t\t\t\t\t\t\t\t\t\t\t<label for=\"form-field-name\" class=\"elementor-field-label\">\n\t\t\t\t\t\t\t\tNome\t\t\t\t\t\t\t<\/label>\n\t\t\t\t\t\t\t\t\t\t\t\t\t\t<input size=\"1\" type=\"text\" name=\"form_fields[name]\" id=\"form-field-name\" class=\"elementor-field elementor-size-sm  elementor-field-textual\" required=\"required\">\n\t\t\t\t\t\t\t\t\t\t\t<\/div>\n\t\t\t\t\t\t\t\t<div class=\"elementor-field-type-text elementor-field-group elementor-column elementor-field-group-field_aba159f elementor-col-50 elementor-field-required elementor-mark-required\">\n\t\t\t\t\t\t\t\t\t\t\t\t<label for=\"form-field-field_aba159f\" class=\"elementor-field-label\">\n\t\t\t\t\t\t\t\tSobrenome\t\t\t\t\t\t\t<\/label>\n\t\t\t\t\t\t\t\t\t\t\t\t\t\t<input size=\"1\" type=\"text\" name=\"form_fields[field_aba159f]\" id=\"form-field-field_aba159f\" class=\"elementor-field elementor-size-sm  elementor-field-textual\" required=\"required\">\n\t\t\t\t\t\t\t\t\t\t\t<\/div>\n\t\t\t\t\t\t\t\t<div class=\"elementor-field-type-text elementor-field-group elementor-column elementor-field-group-field_bd4476a elementor-col-100 elementor-field-required elementor-mark-required\">\n\t\t\t\t\t\t\t\t\t\t\t\t<label for=\"form-field-field_bd4476a\" class=\"elementor-field-label\">\n\t\t\t\t\t\t\t\tQual seu Instragram\t\t\t\t\t\t\t<\/label>\n\t\t\t\t\t\t\t\t\t\t\t\t\t\t<input size=\"1\" type=\"text\" name=\"form_fields[field_bd4476a]\" id=\"form-field-field_bd4476a\" class=\"elementor-field elementor-size-sm  elementor-field-textual\" required=\"required\">\n\t\t\t\t\t\t\t\t\t\t\t<\/div>\n\t\t\t\t\t\t\t\t<div class=\"elementor-field-type-text elementor-field-group elementor-column elementor-field-group-field_045d602 elementor-col-100\">\n\t\t\t\t\t\t\t\t\t\t\t\t<label for=\"form-field-field_045d602\" class=\"elementor-field-label\">\n\t\t\t\t\t\t\t\tComo conheceu meu trabalho?\t\t\t\t\t\t\t<\/label>\n\t\t\t\t\t\t\t\t\t\t\t\t\t\t<input size=\"1\" type=\"text\" name=\"form_fields[field_045d602]\" id=\"form-field-field_045d602\" class=\"elementor-field elementor-size-sm  elementor-field-textual\">\n\t\t\t\t\t\t\t\t\t\t\t<\/div>\n\t\t\t\t\t\t\t\t<div class=\"elementor-field-type-radio elementor-field-group elementor-column elementor-field-group-field_2c361f2 elementor-col-100\">\n\t\t\t\t\t\t\t\t\t\t\t\t<label for=\"form-field-field_2c361f2\" class=\"elementor-field-label\">\n\t\t\t\t\t\t\t\t\u00c9 a primeira vez que tatua comigo?\t\t\t\t\t\t\t<\/label>\n\t\t\t\t\t\t<div class=\"elementor-field-subgroup  elementor-subgroup-inline\"><span class=\"elementor-field-option\"><input type=\"radio\" value=\"Sim\" id=\"form-field-field_2c361f2-0\" name=\"form_fields[field_2c361f2]\"> <label for=\"form-field-field_2c361f2-0\">Sim<\/label><\/span><span class=\"elementor-field-option\"><input type=\"radio\" value=\"N\u00e3o\" id=\"form-field-field_2c361f2-1\" name=\"form_fields[field_2c361f2]\"> <label for=\"form-field-field_2c361f2-1\">N\u00e3o<\/label><\/span><\/div>\t\t\t\t<\/div>\n\t\t\t\t\t\t\t\t<div class=\"elementor-field-type-radio elementor-field-group elementor-column elementor-field-group-field_6f9f74e elementor-col-100\">\n\t\t\t\t\t\t\t\t\t\t\t\t<label for=\"form-field-field_6f9f74e\" class=\"elementor-field-label\">\n\t\t\t\t\t\t\t\tOnde voc\u00ea gostaria de agendar comigo?\t\t\t\t\t\t\t<\/label>\n\t\t\t\t\t\t<div class=\"elementor-field-subgroup  elementor-subgroup-inline\"><span class=\"elementor-field-option\"><input type=\"radio\" value=\"Aix-en-Provence, France\" id=\"form-field-field_6f9f74e-0\" name=\"form_fields[field_6f9f74e]\"> <label for=\"form-field-field_6f9f74e-0\">Aix-en-Provence, France<\/label><\/span><span class=\"elementor-field-option\"><input type=\"radio\" value=\"Lille, France\" id=\"form-field-field_6f9f74e-1\" name=\"form_fields[field_6f9f74e]\"> <label for=\"form-field-field_6f9f74e-1\">Lille, France<\/label><\/span><span class=\"elementor-field-option\"><input type=\"radio\" value=\"Bulle, Switzerland\" id=\"form-field-field_6f9f74e-2\" name=\"form_fields[field_6f9f74e]\"> <label for=\"form-field-field_6f9f74e-2\">Bulle, Switzerland<\/label><\/span><span class=\"elementor-field-option\"><input type=\"radio\" value=\"Madrid, Spain\" id=\"form-field-field_6f9f74e-3\" name=\"form_fields[field_6f9f74e]\"> <label for=\"form-field-field_6f9f74e-3\">Madrid, Spain<\/label><\/span><span class=\"elementor-field-option\"><input type=\"radio\" value=\"S\u00e3o Carlos, Brazil\" id=\"form-field-field_6f9f74e-4\" name=\"form_fields[field_6f9f74e]\"> <label for=\"form-field-field_6f9f74e-4\">S\u00e3o Carlos, Brazil<\/label><\/span><span class=\"elementor-field-option\"><input type=\"radio\" value=\"Lyon, France\" id=\"form-field-field_6f9f74e-5\" name=\"form_fields[field_6f9f74e]\"> <label for=\"form-field-field_6f9f74e-5\">Lyon, France<\/label><\/span><span class=\"elementor-field-option\"><input type=\"radio\" value=\"other place\" id=\"form-field-field_6f9f74e-6\" name=\"form_fields[field_6f9f74e]\"> <label for=\"form-field-field_6f9f74e-6\">other place<\/label><\/span><\/div>\t\t\t\t<\/div>\n\t\t\t\t\t\t\t\t<div class=\"elementor-field-type-text elementor-field-group elementor-column elementor-field-group-field_4a9a559 elementor-col-100 elementor-field-required elementor-mark-required\">\n\t\t\t\t\t\t\t\t\t\t\t\t<label for=\"form-field-field_4a9a559\" class=\"elementor-field-label\">\n\t\t\t\t\t\t\t\tSe seria em outro lugar, onde seria?\t\t\t\t\t\t\t<\/label>\n\t\t\t\t\t\t\t\t\t\t\t\t\t\t<input size=\"1\" type=\"text\" name=\"form_fields[field_4a9a559]\" id=\"form-field-field_4a9a559\" class=\"elementor-field elementor-size-sm  elementor-field-textual\" required=\"required\">\n\t\t\t\t\t\t\t\t\t\t\t<\/div>\n\t\t\t\t\t\t\t\t<div class=\"elementor-field-type-radio elementor-field-group elementor-column elementor-field-group-field_cb93efd elementor-col-100\">\n\t\t\t\t\t\t\t\t\t\t\t\t<label for=\"form-field-field_cb93efd\" class=\"elementor-field-label\">\n\t\t\t\t\t\t\t\tO que voc\u00ea gostaria de tatuar?\t\t\t\t\t\t\t<\/label>\n\t\t\t\t\t\t<div class=\"elementor-field-subgroup  elementor-subgroup-inline\"><span class=\"elementor-field-option\"><input type=\"radio\" value=\"Flash\" id=\"form-field-field_cb93efd-0\" name=\"form_fields[field_cb93efd]\"> <label for=\"form-field-field_cb93efd-0\">Flash<\/label><\/span><span class=\"elementor-field-option\"><input type=\"radio\" value=\"Criar um projeto\" id=\"form-field-field_cb93efd-1\" name=\"form_fields[field_cb93efd]\"> <label for=\"form-field-field_cb93efd-1\">Criar um projeto<\/label><\/span><\/div>\t\t\t\t<\/div>\n\t\t\t\t\t\t\t\t<div class=\"elementor-field-type-upload elementor-field-group elementor-column elementor-field-group-field_5cacc5b elementor-col-100\">\n\t\t\t\t\t\t\t\t\t\t\t\t<label for=\"form-field-field_5cacc5b\" class=\"elementor-field-label\">\n\t\t\t\t\t\t\t\tSe \u00e9 um flash, fa\u00e7a uma c\u00f3pia da tela e me envie\t\t\t\t\t\t\t<\/label>\n\t\t\t\t\t\t\t\t<input type=\"file\" name=\"form_fields[field_5cacc5b][]\" id=\"form-field-field_5cacc5b\" class=\"elementor-field elementor-size-sm  elementor-upload-field\" multiple=\"multiple\" data-maxsize=\"7\" data-maxsize-message=\"This file exceeds the maximum allowed size.\">\n\n\t\t\t\t\t\t<\/div>\n\t\t\t\t\t\t\t\t<div class=\"elementor-field-type-textarea elementor-field-group elementor-column elementor-field-group-field_5c60219 elementor-col-100\">\n\t\t\t\t\t\t\t\t\t\t\t\t<label for=\"form-field-field_5c60219\" class=\"elementor-field-label\">\n\t\t\t\t\t\t\t\tCriar um projeto, me conte suas ideias\t\t\t\t\t\t\t<\/label>\n\t\t\t\t\t\t<textarea class=\"elementor-field-textual elementor-field  elementor-size-sm\" name=\"form_fields[field_5c60219]\" id=\"form-field-field_5c60219\" rows=\"4\"><\/textarea>\t\t\t\t<\/div>\n\t\t\t\t\t\t\t\t<div class=\"elementor-field-type-upload elementor-field-group elementor-column elementor-field-group-field_3ba2087 elementor-col-100 elementor-field-required elementor-mark-required\">\n\t\t\t\t\t\t\t\t\t\t\t\t<label for=\"form-field-field_3ba2087\" class=\"elementor-field-label\">\n\t\t\t\t\t\t\t\tMe envie refer\u00eancias por favor\t\t\t\t\t\t\t<\/label>\n\t\t\t\t\t\t\t\t<input type=\"file\" name=\"form_fields[field_3ba2087][]\" id=\"form-field-field_3ba2087\" class=\"elementor-field elementor-size-sm  elementor-upload-field\" required=\"required\" multiple=\"multiple\" data-maxsize=\"8\" data-maxsize-message=\"This file exceeds the maximum allowed size.\">\n\n\t\t\t\t\t\t<\/div>\n\t\t\t\t\t\t\t\t<div class=\"elementor-field-type-upload elementor-field-group elementor-column elementor-field-group-field_3eb7f4b elementor-col-100 elementor-field-required elementor-mark-required\">\n\t\t\t\t\t\t\t\t\t\t\t\t<label for=\"form-field-field_3eb7f4b\" class=\"elementor-field-label\">\n\t\t\t\t\t\t\t\t E envie foto do local a ser tatuado\t\t\t\t\t\t\t<\/label>\n\t\t\t\t\t\t\t\t<input type=\"file\" name=\"form_fields[field_3eb7f4b][]\" id=\"form-field-field_3eb7f4b\" class=\"elementor-field elementor-size-sm  elementor-upload-field\" required=\"required\" multiple=\"multiple\" data-maxsize=\"8\" data-maxsize-message=\"This file exceeds the maximum allowed size.\">\n\n\t\t\t\t\t\t<\/div>\n\t\t\t\t\t\t\t\t<div class=\"elementor-field-type-textarea elementor-field-group elementor-column elementor-field-group-field_e8e81a0 elementor-col-100\">\n\t\t\t\t\t\t\t\t\t\t\t\t<label for=\"form-field-field_e8e81a0\" class=\"elementor-field-label\">\n\t\t\t\t\t\t\t\tAlguma outra quest\u00e3o?\t\t\t\t\t\t\t<\/label>\n\t\t\t\t\t\t<textarea class=\"elementor-field-textual elementor-field  elementor-size-sm\" name=\"form_fields[field_e8e81a0]\" id=\"form-field-field_e8e81a0\" rows=\"4\"><\/textarea>\t\t\t\t<\/div>\n\t\t\t\t\t\t\t\t<div class=\"elementor-field-group elementor-column elementor-field-type-submit elementor-col-100 e-form__buttons\">\n\t\t\t\t\t<button class=\"elementor-button elementor-size-sm\" type=\"submit\">\n\t\t\t\t\t\t<span class=\"elementor-button-content-wrapper\">\n\t\t\t\t\t\t\t\t\t\t\t\t\t\t\t\t\t\t\t\t\t\t<span class=\"elementor-button-text\">Send<\/span>\n\t\t\t\t\t\t\t\t\t\t\t\t\t<\/span>\n\t\t\t\t\t<\/button>\n\t\t\t\t<\/div>\n\t\t\t<\/div>\n\t\t<\/form>\n\t\t\t\t\t\t<\/div>\n\t\t\t\t<\/div>\n\t\t\t\t<\/div>\n\t\t\t\t<\/div>\n\t\t\t\t\t<\/div>\n\t\t\t\t<\/div>\n\t\t\t\t<\/div>\n\t\t","protected":false},"excerpt":{"rendered":"<p>Contacto Atualmente estou trabalhando nestes lugares: Bulle, Su\u00ed\u00e7aMadri, EspanhaLille, Fran\u00e7aS\u00e3o Carlos, Brasil Mas tamb\u00e9m viajo para outros lugares. Ent\u00e3o me envie uma mensagem para que possamos combinar e fazer uma bela tatuagem! Valores e agenda.\u00a0Agora vou analisar seu pedido e entrarei em contato com voc\u00ea para conversar sobre pre\u00e7os e datas. Voc\u00ea receber\u00e1 uma resposta [&hellip;]<\/p>\n","protected":false},"author":1,"featured_media":0,"parent":0,"menu_order":0,"comment_status":"closed","ping_status":"closed","template":"","meta":{"footnotes":""},"class_list":["post-1587","page","type-page","status-publish","hentry"],"yoast_head":"<!-- This site is optimized with the Yoast SEO plugin v27.4 - https:\/\/yoast.com\/product\/yoast-seo-wordpress\/ -->\n<title>Contacto - Monique Peres<\/title>\n<meta name=\"robots\" content=\"index, follow, max-snippet:-1, max-image-preview:large, max-video-preview:-1\" \/>\n<link rel=\"canonical\" href=\"https:\/\/www.monique-peres.com\/pt-br\/contact\/\" \/>\n<meta property=\"og:locale\" content=\"pt_BR\" \/>\n<meta property=\"og:type\" content=\"article\" \/>\n<meta property=\"og:title\" content=\"Contacto - Monique Peres\" \/>\n<meta property=\"og:description\" content=\"Contacto Atualmente estou trabalhando nestes lugares: Bulle, Su\u00ed\u00e7aMadri, EspanhaLille, Fran\u00e7aS\u00e3o Carlos, Brasil Mas tamb\u00e9m viajo para outros lugares. Ent\u00e3o me envie uma mensagem para que possamos combinar e fazer uma bela tatuagem! Valores e agenda.\u00a0Agora vou analisar seu pedido e entrarei em contato com voc\u00ea para conversar sobre pre\u00e7os e datas. Voc\u00ea receber\u00e1 uma resposta [&hellip;]\" \/>\n<meta property=\"og:url\" content=\"https:\/\/www.monique-peres.com\/pt-br\/contact\/\" \/>\n<meta property=\"og:site_name\" content=\"Monique Peres\" \/>\n<meta property=\"article:modified_time\" content=\"2025-01-15T15:50:20+00:00\" \/>\n<meta property=\"og:image\" content=\"https:\/\/www.monique-peres.com\/wp-content\/uploads\/2024\/12\/monique_peres_about2.webp\" \/>\n\t<meta property=\"og:image:width\" content=\"759\" \/>\n\t<meta property=\"og:image:height\" content=\"934\" \/>\n\t<meta property=\"og:image:type\" content=\"image\/webp\" \/>\n<meta name=\"twitter:card\" content=\"summary_large_image\" \/>\n<meta name=\"twitter:label1\" content=\"Est. tempo de leitura\" \/>\n\t<meta name=\"twitter:data1\" content=\"2 minutos\" \/>\n<script type=\"application\/ld+json\" class=\"yoast-schema-graph\">{\"@context\":\"https:\\\/\\\/schema.org\",\"@graph\":[{\"@type\":\"WebPage\",\"@id\":\"https:\\\/\\\/www.monique-peres.com\\\/pt-br\\\/contact\\\/\",\"url\":\"https:\\\/\\\/www.monique-peres.com\\\/pt-br\\\/contact\\\/\",\"name\":\"Contacto - Monique Peres\",\"isPartOf\":{\"@id\":\"https:\\\/\\\/www.monique-peres.com\\\/#website\"},\"primaryImageOfPage\":{\"@id\":\"https:\\\/\\\/www.monique-peres.com\\\/pt-br\\\/contact\\\/#primaryimage\"},\"image\":{\"@id\":\"https:\\\/\\\/www.monique-peres.com\\\/pt-br\\\/contact\\\/#primaryimage\"},\"thumbnailUrl\":\"https:\\\/\\\/www.monique-peres.com\\\/wp-content\\\/uploads\\\/2024\\\/12\\\/monique_peres_about2.webp\",\"datePublished\":\"2024-12-07T14:16:34+00:00\",\"dateModified\":\"2025-01-15T15:50:20+00:00\",\"breadcrumb\":{\"@id\":\"https:\\\/\\\/www.monique-peres.com\\\/pt-br\\\/contact\\\/#breadcrumb\"},\"inLanguage\":\"pt-BR\",\"potentialAction\":[{\"@type\":\"ReadAction\",\"target\":[\"https:\\\/\\\/www.monique-peres.com\\\/pt-br\\\/contact\\\/\"]}]},{\"@type\":\"ImageObject\",\"inLanguage\":\"pt-BR\",\"@id\":\"https:\\\/\\\/www.monique-peres.com\\\/pt-br\\\/contact\\\/#primaryimage\",\"url\":\"https:\\\/\\\/www.monique-peres.com\\\/wp-content\\\/uploads\\\/2024\\\/12\\\/monique_peres_about2.webp\",\"contentUrl\":\"https:\\\/\\\/www.monique-peres.com\\\/wp-content\\\/uploads\\\/2024\\\/12\\\/monique_peres_about2.webp\"},{\"@type\":\"BreadcrumbList\",\"@id\":\"https:\\\/\\\/www.monique-peres.com\\\/pt-br\\\/contact\\\/#breadcrumb\",\"itemListElement\":[{\"@type\":\"ListItem\",\"position\":1,\"name\":\"Home\",\"item\":\"https:\\\/\\\/www.monique-peres.com\\\/pt-br\\\/\"},{\"@type\":\"ListItem\",\"position\":2,\"name\":\"Contacto\"}]},{\"@type\":\"WebSite\",\"@id\":\"https:\\\/\\\/www.monique-peres.com\\\/#website\",\"url\":\"https:\\\/\\\/www.monique-peres.com\\\/\",\"name\":\"Monique Peres\",\"description\":\"Tattoo Artist - Painter\",\"potentialAction\":[{\"@type\":\"SearchAction\",\"target\":{\"@type\":\"EntryPoint\",\"urlTemplate\":\"https:\\\/\\\/www.monique-peres.com\\\/?s={search_term_string}\"},\"query-input\":{\"@type\":\"PropertyValueSpecification\",\"valueRequired\":true,\"valueName\":\"search_term_string\"}}],\"inLanguage\":\"pt-BR\"}]}<\/script>\n<!-- \/ Yoast SEO plugin. -->","yoast_head_json":{"title":"Contacto - Monique Peres","robots":{"index":"index","follow":"follow","max-snippet":"max-snippet:-1","max-image-preview":"max-image-preview:large","max-video-preview":"max-video-preview:-1"},"canonical":"https:\/\/www.monique-peres.com\/pt-br\/contact\/","og_locale":"pt_BR","og_type":"article","og_title":"Contacto - Monique Peres","og_description":"Contacto Atualmente estou trabalhando nestes lugares: Bulle, Su\u00ed\u00e7aMadri, EspanhaLille, Fran\u00e7aS\u00e3o Carlos, Brasil Mas tamb\u00e9m viajo para outros lugares. Ent\u00e3o me envie uma mensagem para que possamos combinar e fazer uma bela tatuagem! Valores e agenda.\u00a0Agora vou analisar seu pedido e entrarei em contato com voc\u00ea para conversar sobre pre\u00e7os e datas. Voc\u00ea receber\u00e1 uma resposta [&hellip;]","og_url":"https:\/\/www.monique-peres.com\/pt-br\/contact\/","og_site_name":"Monique Peres","article_modified_time":"2025-01-15T15:50:20+00:00","og_image":[{"width":759,"height":934,"url":"https:\/\/www.monique-peres.com\/wp-content\/uploads\/2024\/12\/monique_peres_about2.webp","type":"image\/webp"}],"twitter_card":"summary_large_image","twitter_misc":{"Est. tempo de leitura":"2 minutos"},"schema":{"@context":"https:\/\/schema.org","@graph":[{"@type":"WebPage","@id":"https:\/\/www.monique-peres.com\/pt-br\/contact\/","url":"https:\/\/www.monique-peres.com\/pt-br\/contact\/","name":"Contacto - Monique Peres","isPartOf":{"@id":"https:\/\/www.monique-peres.com\/#website"},"primaryImageOfPage":{"@id":"https:\/\/www.monique-peres.com\/pt-br\/contact\/#primaryimage"},"image":{"@id":"https:\/\/www.monique-peres.com\/pt-br\/contact\/#primaryimage"},"thumbnailUrl":"https:\/\/www.monique-peres.com\/wp-content\/uploads\/2024\/12\/monique_peres_about2.webp","datePublished":"2024-12-07T14:16:34+00:00","dateModified":"2025-01-15T15:50:20+00:00","breadcrumb":{"@id":"https:\/\/www.monique-peres.com\/pt-br\/contact\/#breadcrumb"},"inLanguage":"pt-BR","potentialAction":[{"@type":"ReadAction","target":["https:\/\/www.monique-peres.com\/pt-br\/contact\/"]}]},{"@type":"ImageObject","inLanguage":"pt-BR","@id":"https:\/\/www.monique-peres.com\/pt-br\/contact\/#primaryimage","url":"https:\/\/www.monique-peres.com\/wp-content\/uploads\/2024\/12\/monique_peres_about2.webp","contentUrl":"https:\/\/www.monique-peres.com\/wp-content\/uploads\/2024\/12\/monique_peres_about2.webp"},{"@type":"BreadcrumbList","@id":"https:\/\/www.monique-peres.com\/pt-br\/contact\/#breadcrumb","itemListElement":[{"@type":"ListItem","position":1,"name":"Home","item":"https:\/\/www.monique-peres.com\/pt-br\/"},{"@type":"ListItem","position":2,"name":"Contacto"}]},{"@type":"WebSite","@id":"https:\/\/www.monique-peres.com\/#website","url":"https:\/\/www.monique-peres.com\/","name":"Monique Peres","description":"Tattoo Artist - Painter","potentialAction":[{"@type":"SearchAction","target":{"@type":"EntryPoint","urlTemplate":"https:\/\/www.monique-peres.com\/?s={search_term_string}"},"query-input":{"@type":"PropertyValueSpecification","valueRequired":true,"valueName":"search_term_string"}}],"inLanguage":"pt-BR"}]}},"_links":{"self":[{"href":"https:\/\/www.monique-peres.com\/pt-br\/wp-json\/wp\/v2\/pages\/1587","targetHints":{"allow":["GET"]}}],"collection":[{"href":"https:\/\/www.monique-peres.com\/pt-br\/wp-json\/wp\/v2\/pages"}],"about":[{"href":"https:\/\/www.monique-peres.com\/pt-br\/wp-json\/wp\/v2\/types\/page"}],"author":[{"embeddable":true,"href":"https:\/\/www.monique-peres.com\/pt-br\/wp-json\/wp\/v2\/users\/1"}],"replies":[{"embeddable":true,"href":"https:\/\/www.monique-peres.com\/pt-br\/wp-json\/wp\/v2\/comments?post=1587"}],"version-history":[{"count":15,"href":"https:\/\/www.monique-peres.com\/pt-br\/wp-json\/wp\/v2\/pages\/1587\/revisions"}],"predecessor-version":[{"id":1869,"href":"https:\/\/www.monique-peres.com\/pt-br\/wp-json\/wp\/v2\/pages\/1587\/revisions\/1869"}],"wp:attachment":[{"href":"https:\/\/www.monique-peres.com\/pt-br\/wp-json\/wp\/v2\/media?parent=1587"}],"curies":[{"name":"wp","href":"https:\/\/api.w.org\/{rel}","templated":true}]}}