{"id":1458,"date":"2024-12-07T14:16:34","date_gmt":"2024-12-07T14:16:34","guid":{"rendered":"https:\/\/www.monique-peres.com\/contact\/"},"modified":"2025-01-15T15:37:00","modified_gmt":"2025-01-15T15:37:00","slug":"contact","status":"publish","type":"page","link":"https:\/\/www.monique-peres.com\/fr\/contact\/","title":{"rendered":"Contact"},"content":{"rendered":"\t\t<div data-elementor-type=\"wp-page\" data-elementor-id=\"1458\" class=\"elementor elementor-1458 elementor-32\" data-elementor-settings=\"{&quot;element_pack_global_tooltip_width&quot;:{&quot;unit&quot;:&quot;px&quot;,&quot;size&quot;:&quot;&quot;,&quot;sizes&quot;:[]},&quot;element_pack_global_tooltip_width_tablet&quot;:{&quot;unit&quot;:&quot;px&quot;,&quot;size&quot;:&quot;&quot;,&quot;sizes&quot;:[]},&quot;element_pack_global_tooltip_width_mobile&quot;:{&quot;unit&quot;:&quot;px&quot;,&quot;size&quot;:&quot;&quot;,&quot;sizes&quot;:[]},&quot;element_pack_global_tooltip_padding&quot;:{&quot;unit&quot;:&quot;px&quot;,&quot;top&quot;:&quot;&quot;,&quot;right&quot;:&quot;&quot;,&quot;bottom&quot;:&quot;&quot;,&quot;left&quot;:&quot;&quot;,&quot;isLinked&quot;:true},&quot;element_pack_global_tooltip_padding_tablet&quot;:{&quot;unit&quot;:&quot;px&quot;,&quot;top&quot;:&quot;&quot;,&quot;right&quot;:&quot;&quot;,&quot;bottom&quot;:&quot;&quot;,&quot;left&quot;:&quot;&quot;,&quot;isLinked&quot;:true},&quot;element_pack_global_tooltip_padding_mobile&quot;:{&quot;unit&quot;:&quot;px&quot;,&quot;top&quot;:&quot;&quot;,&quot;right&quot;:&quot;&quot;,&quot;bottom&quot;:&quot;&quot;,&quot;left&quot;:&quot;&quot;,&quot;isLinked&quot;:true},&quot;element_pack_global_tooltip_border_radius&quot;:{&quot;unit&quot;:&quot;px&quot;,&quot;top&quot;:&quot;&quot;,&quot;right&quot;:&quot;&quot;,&quot;bottom&quot;:&quot;&quot;,&quot;left&quot;:&quot;&quot;,&quot;isLinked&quot;:true},&quot;element_pack_global_tooltip_border_radius_tablet&quot;:{&quot;unit&quot;:&quot;px&quot;,&quot;top&quot;:&quot;&quot;,&quot;right&quot;:&quot;&quot;,&quot;bottom&quot;:&quot;&quot;,&quot;left&quot;:&quot;&quot;,&quot;isLinked&quot;:true},&quot;element_pack_global_tooltip_border_radius_mobile&quot;:{&quot;unit&quot;:&quot;px&quot;,&quot;top&quot;:&quot;&quot;,&quot;right&quot;:&quot;&quot;,&quot;bottom&quot;:&quot;&quot;,&quot;left&quot;:&quot;&quot;,&quot;isLinked&quot;:true}}\" data-elementor-post-type=\"page\">\n\t\t\t\t<div class=\"elementor-element elementor-element-7c25ce2 e-flex e-con-boxed elementor-invisible e-con e-parent\" data-id=\"7c25ce2\" data-element_type=\"container\" data-e-type=\"container\" data-settings=\"{&quot;background_background&quot;:&quot;classic&quot;,&quot;animation&quot;:&quot;fadeIn&quot;}\">\n\t\t\t\t\t<div class=\"e-con-inner\">\n\t\t\t\t<div class=\"elementor-element elementor-element-2649333 elementor-widget__width-inherit elementor-widget elementor-widget-heading\" data-id=\"2649333\" data-element_type=\"widget\" data-e-type=\"widget\" data-widget_type=\"heading.default\">\n\t\t\t\t<div class=\"elementor-widget-container\">\n\t\t\t\t\t<h2 class=\"elementor-heading-title elementor-size-default\">Contact<\/h2>\t\t\t\t<\/div>\n\t\t\t\t<\/div>\n\t\t<div class=\"elementor-element elementor-element-f0912b9 e-con-full e-flex e-con e-child\" data-id=\"f0912b9\" data-element_type=\"container\" data-e-type=\"container\">\n\t\t<div class=\"elementor-element elementor-element-bce3c74 e-con-full e-flex elementor-invisible e-con e-child\" data-id=\"bce3c74\" data-element_type=\"container\" data-e-type=\"container\" data-settings=\"{&quot;animation&quot;:&quot;fadeIn&quot;,&quot;animation_delay&quot;:400}\">\n\t\t\t\t<div class=\"elementor-element elementor-element-d2e532f elementor-widget__width-initial elementor-widget elementor-widget-text-editor\" data-id=\"d2e532f\" data-element_type=\"widget\" data-e-type=\"widget\" data-widget_type=\"text-editor.default\">\n\t\t\t\t<div class=\"elementor-widget-container\">\n\t\t\t\t\t\t\t\t\t<div class=\"elementor-element elementor-element-d2e532f elementor-widget__width-initial elementor-widget elementor-widget-text-editor\" data-id=\"d2e532f\" data-element_type=\"widget\" data-widget_type=\"text-editor.default\"><div class=\"elementor-widget-container\"><p>Je travaille actuellement \u00e0 ces endroits :<br \/>Bulle, Suisse<br \/>Madrid, Espagne<br \/>Lille, France<br \/>Sao Carlos, Br\u00e9sil<\/p><p>Mais je voyage aussi dans d&rsquo;autres contr\u00e9es.<br \/>Alors \u00e9cris-moi un message pour que nous puissions nous arranger pour faire un joli tatouage !<\/p><\/div><\/div>\t\t\t\t\t\t\t\t<\/div>\n\t\t\t\t<\/div>\n\t\t\t\t<div class=\"elementor-element elementor-element-aa1e5fe elementor-widget__width-initial elementor-widget elementor-widget-text-editor\" data-id=\"aa1e5fe\" data-element_type=\"widget\" data-e-type=\"widget\" data-widget_type=\"text-editor.default\">\n\t\t\t\t<div class=\"elementor-widget-container\">\n\t\t\t\t\t\t\t\t\t<p>Tarifs et planning<br \/>A la suite de votre demande, je vais analyser votre demande et vous contacter pour discuter des tarifs et des dates.<\/p><p>Vous aurez une r\u00e9ponse dans un d\u00e9lai maximum de 5 jours, n&rsquo;oubliez pas de v\u00e9rifier votre bo\u00eete spam.<\/p><p>Merci beaucoup !<\/p>\t\t\t\t\t\t\t\t<\/div>\n\t\t\t\t<\/div>\n\t\t\t\t<div class=\"elementor-element elementor-element-dc14053 elementor-widget elementor-widget-image\" data-id=\"dc14053\" data-element_type=\"widget\" data-e-type=\"widget\" data-widget_type=\"image.default\">\n\t\t\t\t<div class=\"elementor-widget-container\">\n\t\t\t\t\t\t\t\t\t\t\t\t\t\t\t<img fetchpriority=\"high\" decoding=\"async\" width=\"759\" height=\"934\" src=\"https:\/\/www.monique-peres.com\/wp-content\/uploads\/2024\/12\/monique_peres_about2.webp\" class=\"attachment-large size-large wp-image-932\" alt=\"\" srcset=\"https:\/\/www.monique-peres.com\/wp-content\/uploads\/2024\/12\/monique_peres_about2.webp 759w, https:\/\/www.monique-peres.com\/wp-content\/uploads\/2024\/12\/monique_peres_about2-600x738.webp 600w, https:\/\/www.monique-peres.com\/wp-content\/uploads\/2024\/12\/monique_peres_about2-244x300.webp 244w\" sizes=\"(max-width: 759px) 100vw, 759px\" \/>\t\t\t\t\t\t\t\t\t\t\t\t\t\t\t<\/div>\n\t\t\t\t<\/div>\n\t\t\t\t<\/div>\n\t\t<div class=\"elementor-element elementor-element-3a0fe22 e-con-full e-flex elementor-invisible e-con e-child\" data-id=\"3a0fe22\" data-element_type=\"container\" data-e-type=\"container\" data-settings=\"{&quot;animation&quot;:&quot;fadeIn&quot;,&quot;animation_delay&quot;:400}\">\n\t\t\t\t<div class=\"elementor-element elementor-element-412b1e7 elementor-widget__width-initial elementor-button-align-stretch elementor-widget elementor-widget-form\" data-id=\"412b1e7\" data-element_type=\"widget\" data-e-type=\"widget\" data-settings=\"{&quot;step_next_label&quot;:&quot;Next&quot;,&quot;step_previous_label&quot;:&quot;Previous&quot;,&quot;button_width&quot;:&quot;100&quot;,&quot;step_type&quot;:&quot;number_text&quot;,&quot;step_icon_shape&quot;:&quot;circle&quot;}\" data-widget_type=\"form.default\">\n\t\t\t\t<div class=\"elementor-widget-container\">\n\t\t\t\t\t\t\t<form class=\"elementor-form\" method=\"post\" name=\"Site Form FR\" aria-label=\"Site Form FR\">\n\t\t\t<input type=\"hidden\" name=\"post_id\" value=\"1458\"\/>\n\t\t\t<input type=\"hidden\" name=\"form_id\" value=\"412b1e7\"\/>\n\t\t\t<input type=\"hidden\" name=\"referer_title\" value=\"Monique Peres\" \/>\n\n\t\t\t\n\t\t\t<div class=\"elementor-form-fields-wrapper elementor-labels-above\">\n\t\t\t\t\t\t\t\t<div class=\"elementor-field-type-email elementor-field-group elementor-column elementor-field-group-email elementor-col-100 elementor-field-required elementor-mark-required\">\n\t\t\t\t\t\t\t\t\t\t\t\t<label for=\"form-field-email\" class=\"elementor-field-label\">\n\t\t\t\t\t\t\t\tEmail\t\t\t\t\t\t\t<\/label>\n\t\t\t\t\t\t\t\t\t\t\t\t\t\t<input size=\"1\" type=\"email\" name=\"form_fields[email]\" id=\"form-field-email\" class=\"elementor-field elementor-size-sm  elementor-field-textual\" required=\"required\">\n\t\t\t\t\t\t\t\t\t\t\t<\/div>\n\t\t\t\t\t\t\t\t<div class=\"elementor-field-type-text elementor-field-group elementor-column elementor-field-group-name elementor-col-50 elementor-field-required elementor-mark-required\">\n\t\t\t\t\t\t\t\t\t\t\t\t<label for=\"form-field-name\" class=\"elementor-field-label\">\n\t\t\t\t\t\t\t\tPr\u00e9nom\t\t\t\t\t\t\t<\/label>\n\t\t\t\t\t\t\t\t\t\t\t\t\t\t<input size=\"1\" type=\"text\" name=\"form_fields[name]\" id=\"form-field-name\" class=\"elementor-field elementor-size-sm  elementor-field-textual\" required=\"required\">\n\t\t\t\t\t\t\t\t\t\t\t<\/div>\n\t\t\t\t\t\t\t\t<div class=\"elementor-field-type-text elementor-field-group elementor-column elementor-field-group-field_aba159f elementor-col-50 elementor-field-required elementor-mark-required\">\n\t\t\t\t\t\t\t\t\t\t\t\t<label for=\"form-field-field_aba159f\" class=\"elementor-field-label\">\n\t\t\t\t\t\t\t\tNom\t\t\t\t\t\t\t<\/label>\n\t\t\t\t\t\t\t\t\t\t\t\t\t\t<input size=\"1\" type=\"text\" name=\"form_fields[field_aba159f]\" id=\"form-field-field_aba159f\" class=\"elementor-field elementor-size-sm  elementor-field-textual\" required=\"required\">\n\t\t\t\t\t\t\t\t\t\t\t<\/div>\n\t\t\t\t\t\t\t\t<div class=\"elementor-field-type-text elementor-field-group elementor-column elementor-field-group-field_bd4476a elementor-col-100\">\n\t\t\t\t\t\t\t\t\t\t\t\t<label for=\"form-field-field_bd4476a\" class=\"elementor-field-label\">\n\t\t\t\t\t\t\t\tQuel est ton @ instagram ? \t\t\t\t\t\t\t<\/label>\n\t\t\t\t\t\t\t\t\t\t\t\t\t\t<input size=\"1\" type=\"text\" name=\"form_fields[field_bd4476a]\" id=\"form-field-field_bd4476a\" class=\"elementor-field elementor-size-sm  elementor-field-textual\">\n\t\t\t\t\t\t\t\t\t\t\t<\/div>\n\t\t\t\t\t\t\t\t<div class=\"elementor-field-type-text elementor-field-group elementor-column elementor-field-group-field_045d602 elementor-col-100\">\n\t\t\t\t\t\t\t\t\t\t\t\t<label for=\"form-field-field_045d602\" class=\"elementor-field-label\">\n\t\t\t\t\t\t\t\tComment as tu connu mon travail ?\t\t\t\t\t\t\t<\/label>\n\t\t\t\t\t\t\t\t\t\t\t\t\t\t<input size=\"1\" type=\"text\" name=\"form_fields[field_045d602]\" id=\"form-field-field_045d602\" class=\"elementor-field elementor-size-sm  elementor-field-textual\">\n\t\t\t\t\t\t\t\t\t\t\t<\/div>\n\t\t\t\t\t\t\t\t<div class=\"elementor-field-type-radio elementor-field-group elementor-column elementor-field-group-field_2c361f2 elementor-col-100\">\n\t\t\t\t\t\t\t\t\t\t\t\t<label for=\"form-field-field_2c361f2\" class=\"elementor-field-label\">\n\t\t\t\t\t\t\t\tPremier tattoo avec moi ?\t\t\t\t\t\t\t<\/label>\n\t\t\t\t\t\t<div class=\"elementor-field-subgroup  elementor-subgroup-inline\"><span class=\"elementor-field-option\"><input type=\"radio\" value=\"Oui\" id=\"form-field-field_2c361f2-0\" name=\"form_fields[field_2c361f2]\"> <label for=\"form-field-field_2c361f2-0\">Oui<\/label><\/span><span class=\"elementor-field-option\"><input type=\"radio\" value=\"Non\" id=\"form-field-field_2c361f2-1\" name=\"form_fields[field_2c361f2]\"> <label for=\"form-field-field_2c361f2-1\">Non<\/label><\/span><\/div>\t\t\t\t<\/div>\n\t\t\t\t\t\t\t\t<div class=\"elementor-field-type-radio elementor-field-group elementor-column elementor-field-group-field_6f9f74e elementor-col-100\">\n\t\t\t\t\t\t\t\t\t\t\t\t<label for=\"form-field-field_6f9f74e\" class=\"elementor-field-label\">\n\t\t\t\t\t\t\t\tOu veux tu un rdv ?\t\t\t\t\t\t\t<\/label>\n\t\t\t\t\t\t<div class=\"elementor-field-subgroup  elementor-subgroup-inline\"><span class=\"elementor-field-option\"><input type=\"radio\" value=\"Aix-en-Provence, France\" id=\"form-field-field_6f9f74e-0\" name=\"form_fields[field_6f9f74e]\"> <label for=\"form-field-field_6f9f74e-0\">Aix-en-Provence, France<\/label><\/span><span class=\"elementor-field-option\"><input type=\"radio\" value=\"Lille, France\" id=\"form-field-field_6f9f74e-1\" name=\"form_fields[field_6f9f74e]\"> <label for=\"form-field-field_6f9f74e-1\">Lille, France<\/label><\/span><span class=\"elementor-field-option\"><input type=\"radio\" value=\"Bulle, Switzerland\" id=\"form-field-field_6f9f74e-2\" name=\"form_fields[field_6f9f74e]\"> <label for=\"form-field-field_6f9f74e-2\">Bulle, Switzerland<\/label><\/span><span class=\"elementor-field-option\"><input type=\"radio\" value=\"Madrid, Spain\" id=\"form-field-field_6f9f74e-3\" name=\"form_fields[field_6f9f74e]\"> <label for=\"form-field-field_6f9f74e-3\">Madrid, Spain<\/label><\/span><span class=\"elementor-field-option\"><input type=\"radio\" value=\"S\u00e3o Carlos, Brazil\" id=\"form-field-field_6f9f74e-4\" name=\"form_fields[field_6f9f74e]\"> <label for=\"form-field-field_6f9f74e-4\">S\u00e3o Carlos, Brazil<\/label><\/span><span class=\"elementor-field-option\"><input type=\"radio\" value=\"Lyon, France\" id=\"form-field-field_6f9f74e-5\" name=\"form_fields[field_6f9f74e]\"> <label for=\"form-field-field_6f9f74e-5\">Lyon, France<\/label><\/span><span class=\"elementor-field-option\"><input type=\"radio\" value=\"other place\" id=\"form-field-field_6f9f74e-6\" name=\"form_fields[field_6f9f74e]\"> <label for=\"form-field-field_6f9f74e-6\">other place<\/label><\/span><\/div>\t\t\t\t<\/div>\n\t\t\t\t\t\t\t\t<div class=\"elementor-field-type-text elementor-field-group elementor-column elementor-field-group-field_4a9a559 elementor-col-100 elementor-field-required elementor-mark-required\">\n\t\t\t\t\t\t\t\t\t\t\t\t<label for=\"form-field-field_4a9a559\" class=\"elementor-field-label\">\n\t\t\t\t\t\t\t\tS'il y a un autre endroit, dites-moi o\u00f9\t\t\t\t\t\t\t<\/label>\n\t\t\t\t\t\t\t\t\t\t\t\t\t\t<input size=\"1\" type=\"text\" name=\"form_fields[field_4a9a559]\" id=\"form-field-field_4a9a559\" class=\"elementor-field elementor-size-sm  elementor-field-textual\" required=\"required\">\n\t\t\t\t\t\t\t\t\t\t\t<\/div>\n\t\t\t\t\t\t\t\t<div class=\"elementor-field-type-radio elementor-field-group elementor-column elementor-field-group-field_cb93efd elementor-col-100\">\n\t\t\t\t\t\t\t\t\t\t\t\t<label for=\"form-field-field_cb93efd\" class=\"elementor-field-label\">\n\t\t\t\t\t\t\t\tQuel type de tattoo veux-tu ?\t\t\t\t\t\t\t<\/label>\n\t\t\t\t\t\t<div class=\"elementor-field-subgroup  elementor-subgroup-inline\"><span class=\"elementor-field-option\"><input type=\"radio\" value=\"Un flash disponible\" id=\"form-field-field_cb93efd-0\" name=\"form_fields[field_cb93efd]\"> <label for=\"form-field-field_cb93efd-0\">Un flash disponible<\/label><\/span><span class=\"elementor-field-option\"><input type=\"radio\" value=\"Un projet perso\" id=\"form-field-field_cb93efd-1\" name=\"form_fields[field_cb93efd]\"> <label for=\"form-field-field_cb93efd-1\">Un projet perso<\/label><\/span><\/div>\t\t\t\t<\/div>\n\t\t\t\t\t\t\t\t<div class=\"elementor-field-type-upload elementor-field-group elementor-column elementor-field-group-field_5cacc5b elementor-col-100\">\n\t\t\t\t\t\t\t\t\t\t\t\t<label for=\"form-field-field_5cacc5b\" class=\"elementor-field-label\">\n\t\t\t\t\t\t\t\tSi c'est un flash, faites une capture d'\u00e9cran et envoyez-la moi ici s'il vous pla\u00eet.\t\t\t\t\t\t\t<\/label>\n\t\t\t\t\t\t\t\t<input type=\"file\" name=\"form_fields[field_5cacc5b][]\" id=\"form-field-field_5cacc5b\" class=\"elementor-field elementor-size-sm  elementor-upload-field\" multiple=\"multiple\" data-maxsize=\"7\" data-maxsize-message=\"This file exceeds the maximum allowed size.\">\n\n\t\t\t\t\t\t<\/div>\n\t\t\t\t\t\t\t\t<div class=\"elementor-field-type-textarea elementor-field-group elementor-column elementor-field-group-field_5c60219 elementor-col-100\">\n\t\t\t\t\t\t\t\t\t\t\t\t<label for=\"form-field-field_5c60219\" class=\"elementor-field-label\">\n\t\t\t\t\t\t\t\tProjet perso\t\t\t\t\t\t\t<\/label>\n\t\t\t\t\t\t<textarea class=\"elementor-field-textual elementor-field  elementor-size-sm\" name=\"form_fields[field_5c60219]\" id=\"form-field-field_5c60219\" rows=\"4\" placeholder=\"Dites-moi vos id\u00e9es et l&#039;endroit du corps o\u00f9 vous souhaitez le faire. \"><\/textarea>\t\t\t\t<\/div>\n\t\t\t\t\t\t\t\t<div class=\"elementor-field-type-upload elementor-field-group elementor-column elementor-field-group-field_3ba2087 elementor-col-100 elementor-field-required elementor-mark-required\">\n\t\t\t\t\t\t\t\t\t\t\t\t<label for=\"form-field-field_3ba2087\" class=\"elementor-field-label\">\n\t\t\t\t\t\t\t\tEnvoyez-moi des r\u00e9f\u00e9rences si vous en avez\t\t\t\t\t\t\t<\/label>\n\t\t\t\t\t\t\t\t<input type=\"file\" name=\"form_fields[field_3ba2087][]\" id=\"form-field-field_3ba2087\" class=\"elementor-field elementor-size-sm  elementor-upload-field\" required=\"required\" multiple=\"multiple\" data-maxsize=\"8\" data-maxsize-message=\"This file exceeds the maximum allowed size.\">\n\n\t\t\t\t\t\t<\/div>\n\t\t\t\t\t\t\t\t<div class=\"elementor-field-type-upload elementor-field-group elementor-column elementor-field-group-field_3eb7f4b elementor-col-100 elementor-field-required elementor-mark-required\">\n\t\t\t\t\t\t\t\t\t\t\t\t<label for=\"form-field-field_3eb7f4b\" class=\"elementor-field-label\">\n\t\t\t\t\t\t\t\tEnvoyez-moi une photo de l'endroit o\u00f9 vous souhaitez le faire\t\t\t\t\t\t\t<\/label>\n\t\t\t\t\t\t\t\t<input type=\"file\" name=\"form_fields[field_3eb7f4b][]\" id=\"form-field-field_3eb7f4b\" class=\"elementor-field elementor-size-sm  elementor-upload-field\" required=\"required\" multiple=\"multiple\" data-maxsize=\"8\" data-maxsize-message=\"This file exceeds the maximum allowed size.\">\n\n\t\t\t\t\t\t<\/div>\n\t\t\t\t\t\t\t\t<div class=\"elementor-field-type-textarea elementor-field-group elementor-column elementor-field-group-field_e8e81a0 elementor-col-100\">\n\t\t\t\t\t\t\t\t\t\t\t\t<label for=\"form-field-field_e8e81a0\" class=\"elementor-field-label\">\n\t\t\t\t\t\t\t\tQuelques choses \u00e0 rajouter ?\t\t\t\t\t\t\t<\/label>\n\t\t\t\t\t\t<textarea class=\"elementor-field-textual elementor-field  elementor-size-sm\" name=\"form_fields[field_e8e81a0]\" id=\"form-field-field_e8e81a0\" rows=\"4\"><\/textarea>\t\t\t\t<\/div>\n\t\t\t\t\t\t\t\t<div class=\"elementor-field-group elementor-column elementor-field-type-submit elementor-col-100 e-form__buttons\">\n\t\t\t\t\t<button class=\"elementor-button elementor-size-sm\" type=\"submit\">\n\t\t\t\t\t\t<span class=\"elementor-button-content-wrapper\">\n\t\t\t\t\t\t\t\t\t\t\t\t\t\t\t\t\t\t\t\t\t\t<span class=\"elementor-button-text\">ENVOYER<\/span>\n\t\t\t\t\t\t\t\t\t\t\t\t\t<\/span>\n\t\t\t\t\t<\/button>\n\t\t\t\t<\/div>\n\t\t\t<\/div>\n\t\t<\/form>\n\t\t\t\t\t\t<\/div>\n\t\t\t\t<\/div>\n\t\t\t\t<\/div>\n\t\t\t\t<\/div>\n\t\t\t\t\t<\/div>\n\t\t\t\t<\/div>\n\t\t\t\t<\/div>\n\t\t","protected":false},"excerpt":{"rendered":"<p>Contact Je travaille actuellement \u00e0 ces endroits :Bulle, SuisseMadrid, EspagneLille, FranceSao Carlos, Br\u00e9sil Mais je voyage aussi dans d&rsquo;autres contr\u00e9es.Alors \u00e9cris-moi un message pour que nous puissions nous arranger pour faire un joli tatouage ! Tarifs et planningA la suite de votre demande, je vais analyser votre demande et vous contacter pour discuter des tarifs [&hellip;]<\/p>\n","protected":false},"author":1,"featured_media":0,"parent":0,"menu_order":0,"comment_status":"closed","ping_status":"closed","template":"","meta":{"footnotes":""},"class_list":["post-1458","page","type-page","status-publish","hentry"],"yoast_head":"<!-- This site is optimized with the Yoast SEO plugin v27.4 - https:\/\/yoast.com\/product\/yoast-seo-wordpress\/ -->\n<title>Contact - Monique Peres<\/title>\n<meta name=\"robots\" content=\"index, follow, max-snippet:-1, max-image-preview:large, max-video-preview:-1\" \/>\n<link rel=\"canonical\" href=\"https:\/\/www.monique-peres.com\/fr\/contact\/\" \/>\n<meta property=\"og:locale\" content=\"fr_FR\" \/>\n<meta property=\"og:type\" content=\"article\" \/>\n<meta property=\"og:title\" content=\"Contact - Monique Peres\" \/>\n<meta property=\"og:description\" content=\"Contact Je travaille actuellement \u00e0 ces endroits :Bulle, SuisseMadrid, EspagneLille, FranceSao Carlos, Br\u00e9sil Mais je voyage aussi dans d&rsquo;autres contr\u00e9es.Alors \u00e9cris-moi un message pour que nous puissions nous arranger pour faire un joli tatouage ! Tarifs et planningA la suite de votre demande, je vais analyser votre demande et vous contacter pour discuter des tarifs [&hellip;]\" \/>\n<meta property=\"og:url\" content=\"https:\/\/www.monique-peres.com\/fr\/contact\/\" \/>\n<meta property=\"og:site_name\" content=\"Monique Peres\" \/>\n<meta property=\"article:modified_time\" content=\"2025-01-15T15:37:00+00:00\" \/>\n<meta property=\"og:image\" content=\"https:\/\/www.monique-peres.com\/wp-content\/uploads\/2024\/12\/monique_peres_about2.webp\" \/>\n\t<meta property=\"og:image:width\" content=\"759\" \/>\n\t<meta property=\"og:image:height\" content=\"934\" \/>\n\t<meta property=\"og:image:type\" content=\"image\/webp\" \/>\n<meta name=\"twitter:card\" content=\"summary_large_image\" \/>\n<meta name=\"twitter:label1\" content=\"Dur\u00e9e de lecture estim\u00e9e\" \/>\n\t<meta name=\"twitter:data1\" content=\"2 minutes\" \/>\n<script type=\"application\/ld+json\" class=\"yoast-schema-graph\">{\"@context\":\"https:\\\/\\\/schema.org\",\"@graph\":[{\"@type\":\"WebPage\",\"@id\":\"https:\\\/\\\/www.monique-peres.com\\\/fr\\\/contact\\\/\",\"url\":\"https:\\\/\\\/www.monique-peres.com\\\/fr\\\/contact\\\/\",\"name\":\"Contact - Monique Peres\",\"isPartOf\":{\"@id\":\"https:\\\/\\\/www.monique-peres.com\\\/#website\"},\"primaryImageOfPage\":{\"@id\":\"https:\\\/\\\/www.monique-peres.com\\\/fr\\\/contact\\\/#primaryimage\"},\"image\":{\"@id\":\"https:\\\/\\\/www.monique-peres.com\\\/fr\\\/contact\\\/#primaryimage\"},\"thumbnailUrl\":\"https:\\\/\\\/www.monique-peres.com\\\/wp-content\\\/uploads\\\/2024\\\/12\\\/monique_peres_about2.webp\",\"datePublished\":\"2024-12-07T14:16:34+00:00\",\"dateModified\":\"2025-01-15T15:37:00+00:00\",\"breadcrumb\":{\"@id\":\"https:\\\/\\\/www.monique-peres.com\\\/fr\\\/contact\\\/#breadcrumb\"},\"inLanguage\":\"fr-FR\",\"potentialAction\":[{\"@type\":\"ReadAction\",\"target\":[\"https:\\\/\\\/www.monique-peres.com\\\/fr\\\/contact\\\/\"]}]},{\"@type\":\"ImageObject\",\"inLanguage\":\"fr-FR\",\"@id\":\"https:\\\/\\\/www.monique-peres.com\\\/fr\\\/contact\\\/#primaryimage\",\"url\":\"https:\\\/\\\/www.monique-peres.com\\\/wp-content\\\/uploads\\\/2024\\\/12\\\/monique_peres_about2.webp\",\"contentUrl\":\"https:\\\/\\\/www.monique-peres.com\\\/wp-content\\\/uploads\\\/2024\\\/12\\\/monique_peres_about2.webp\"},{\"@type\":\"BreadcrumbList\",\"@id\":\"https:\\\/\\\/www.monique-peres.com\\\/fr\\\/contact\\\/#breadcrumb\",\"itemListElement\":[{\"@type\":\"ListItem\",\"position\":1,\"name\":\"Home\",\"item\":\"https:\\\/\\\/www.monique-peres.com\\\/\"},{\"@type\":\"ListItem\",\"position\":2,\"name\":\"Contact\"}]},{\"@type\":\"WebSite\",\"@id\":\"https:\\\/\\\/www.monique-peres.com\\\/#website\",\"url\":\"https:\\\/\\\/www.monique-peres.com\\\/\",\"name\":\"Monique Peres\",\"description\":\"Tattoo Artist - Painter\",\"potentialAction\":[{\"@type\":\"SearchAction\",\"target\":{\"@type\":\"EntryPoint\",\"urlTemplate\":\"https:\\\/\\\/www.monique-peres.com\\\/?s={search_term_string}\"},\"query-input\":{\"@type\":\"PropertyValueSpecification\",\"valueRequired\":true,\"valueName\":\"search_term_string\"}}],\"inLanguage\":\"fr-FR\"}]}<\/script>\n<!-- \/ Yoast SEO plugin. -->","yoast_head_json":{"title":"Contact - Monique Peres","robots":{"index":"index","follow":"follow","max-snippet":"max-snippet:-1","max-image-preview":"max-image-preview:large","max-video-preview":"max-video-preview:-1"},"canonical":"https:\/\/www.monique-peres.com\/fr\/contact\/","og_locale":"fr_FR","og_type":"article","og_title":"Contact - Monique Peres","og_description":"Contact Je travaille actuellement \u00e0 ces endroits :Bulle, SuisseMadrid, EspagneLille, FranceSao Carlos, Br\u00e9sil Mais je voyage aussi dans d&rsquo;autres contr\u00e9es.Alors \u00e9cris-moi un message pour que nous puissions nous arranger pour faire un joli tatouage ! Tarifs et planningA la suite de votre demande, je vais analyser votre demande et vous contacter pour discuter des tarifs [&hellip;]","og_url":"https:\/\/www.monique-peres.com\/fr\/contact\/","og_site_name":"Monique Peres","article_modified_time":"2025-01-15T15:37:00+00:00","og_image":[{"width":759,"height":934,"url":"https:\/\/www.monique-peres.com\/wp-content\/uploads\/2024\/12\/monique_peres_about2.webp","type":"image\/webp"}],"twitter_card":"summary_large_image","twitter_misc":{"Dur\u00e9e de lecture estim\u00e9e":"2 minutes"},"schema":{"@context":"https:\/\/schema.org","@graph":[{"@type":"WebPage","@id":"https:\/\/www.monique-peres.com\/fr\/contact\/","url":"https:\/\/www.monique-peres.com\/fr\/contact\/","name":"Contact - Monique Peres","isPartOf":{"@id":"https:\/\/www.monique-peres.com\/#website"},"primaryImageOfPage":{"@id":"https:\/\/www.monique-peres.com\/fr\/contact\/#primaryimage"},"image":{"@id":"https:\/\/www.monique-peres.com\/fr\/contact\/#primaryimage"},"thumbnailUrl":"https:\/\/www.monique-peres.com\/wp-content\/uploads\/2024\/12\/monique_peres_about2.webp","datePublished":"2024-12-07T14:16:34+00:00","dateModified":"2025-01-15T15:37:00+00:00","breadcrumb":{"@id":"https:\/\/www.monique-peres.com\/fr\/contact\/#breadcrumb"},"inLanguage":"fr-FR","potentialAction":[{"@type":"ReadAction","target":["https:\/\/www.monique-peres.com\/fr\/contact\/"]}]},{"@type":"ImageObject","inLanguage":"fr-FR","@id":"https:\/\/www.monique-peres.com\/fr\/contact\/#primaryimage","url":"https:\/\/www.monique-peres.com\/wp-content\/uploads\/2024\/12\/monique_peres_about2.webp","contentUrl":"https:\/\/www.monique-peres.com\/wp-content\/uploads\/2024\/12\/monique_peres_about2.webp"},{"@type":"BreadcrumbList","@id":"https:\/\/www.monique-peres.com\/fr\/contact\/#breadcrumb","itemListElement":[{"@type":"ListItem","position":1,"name":"Home","item":"https:\/\/www.monique-peres.com\/"},{"@type":"ListItem","position":2,"name":"Contact"}]},{"@type":"WebSite","@id":"https:\/\/www.monique-peres.com\/#website","url":"https:\/\/www.monique-peres.com\/","name":"Monique Peres","description":"Tattoo Artist - Painter","potentialAction":[{"@type":"SearchAction","target":{"@type":"EntryPoint","urlTemplate":"https:\/\/www.monique-peres.com\/?s={search_term_string}"},"query-input":{"@type":"PropertyValueSpecification","valueRequired":true,"valueName":"search_term_string"}}],"inLanguage":"fr-FR"}]}},"_links":{"self":[{"href":"https:\/\/www.monique-peres.com\/fr\/wp-json\/wp\/v2\/pages\/1458","targetHints":{"allow":["GET"]}}],"collection":[{"href":"https:\/\/www.monique-peres.com\/fr\/wp-json\/wp\/v2\/pages"}],"about":[{"href":"https:\/\/www.monique-peres.com\/fr\/wp-json\/wp\/v2\/types\/page"}],"author":[{"embeddable":true,"href":"https:\/\/www.monique-peres.com\/fr\/wp-json\/wp\/v2\/users\/1"}],"replies":[{"embeddable":true,"href":"https:\/\/www.monique-peres.com\/fr\/wp-json\/wp\/v2\/comments?post=1458"}],"version-history":[{"count":10,"href":"https:\/\/www.monique-peres.com\/fr\/wp-json\/wp\/v2\/pages\/1458\/revisions"}],"predecessor-version":[{"id":1857,"href":"https:\/\/www.monique-peres.com\/fr\/wp-json\/wp\/v2\/pages\/1458\/revisions\/1857"}],"wp:attachment":[{"href":"https:\/\/www.monique-peres.com\/fr\/wp-json\/wp\/v2\/media?parent=1458"}],"curies":[{"name":"wp","href":"https:\/\/api.w.org\/{rel}","templated":true}]}}